{"id":1351,"date":"2025-09-22T07:41:23","date_gmt":"2025-09-22T05:41:23","guid":{"rendered":"https:\/\/ldemo.pl\/blok\/?page_id=1351"},"modified":"2026-01-10T20:05:36","modified_gmt":"2026-01-10T19:05:36","slug":"kontakt","status":"publish","type":"page","link":"https:\/\/ldemo.pl\/blok\/kontakt\/","title":{"rendered":"Kontakt"},"content":{"rendered":"\n<div id=\"kontakt\" class=\"wp-block-uagb-container uagb-block-9d396b9d alignfull uagb-is-root-container\"><div class=\"uagb-container-inner-blocks-wrap\">\n<div class=\"wp-block-uagb-container text-reveal uagb-block-fa5a97c8\">\n<div class=\"wp-block-uagb-advanced-heading uagb-block-fa076f0f reveal\"><h2 class=\"uagb-heading-text\">skontaktuj si\u0119 <mark style=\"background-color:rgba(0, 0, 0, 0)\" class=\"has-inline-color has-ast-global-color-7-color\">|<\/mark> Blok Photo<\/h2><\/div>\n<\/div>\n\n\n\n<div class=\"wp-block-uagb-container uagb-block-e65103ca\">\n<div class=\"wp-block-uagb-container powieksz uagb-block-551a9d04\">      \n\t\t\t<div class=\"uagb-icon-wrapper uagb-block-7e51b3fe      \"\n\t\t\tstyle=\"\" >\n\t\t\t\t\t\t\t\t\t<span class=\"uagb-svg-wrapper\" \n\t\t\t\t\t aria-label=\"instagram\"\t\t\t\t\ttabindex=\"0\">\t\t\n\t\t\t\t\t\t\t\t\t\t<a rel=\"noopener noreferrer\" href=\"https:\/\/www.instagram.com\/dprze\/\" target=\"_blank\"><svg xmlns=\"https:\/\/www.w3.org\/2000\/svg\" viewBox= \"0 0 448 512\" role=\"graphics-symbol\" aria-hidden=\"false\" aria-label=\"\"><path d=\"M224.1 141c-63.6 0-114.9 51.3-114.9 114.9s51.3 114.9 114.9 114.9S339 319.5 339 255.9 287.7 141 224.1 141zm0 189.6c-41.1 0-74.7-33.5-74.7-74.7s33.5-74.7 74.7-74.7 74.7 33.5 74.7 74.7-33.6 74.7-74.7 74.7zm146.4-194.3c0 14.9-12 26.8-26.8 26.8-14.9 0-26.8-12-26.8-26.8s12-26.8 26.8-26.8 26.8 12 26.8 26.8zm76.1 27.2c-1.7-35.9-9.9-67.7-36.2-93.9-26.2-26.2-58-34.4-93.9-36.2-37-2.1-147.9-2.1-184.9 0-35.8 1.7-67.6 9.9-93.9 36.1s-34.4 58-36.2 93.9c-2.1 37-2.1 147.9 0 184.9 1.7 35.9 9.9 67.7 36.2 93.9s58 34.4 93.9 36.2c37 2.1 147.9 2.1 184.9 0 35.9-1.7 67.7-9.9 93.9-36.2 26.2-26.2 34.4-58 36.2-93.9 2.1-37 2.1-147.8 0-184.8zM398.8 388c-7.8 19.6-22.9 34.7-42.6 42.6-29.5 11.7-99.5 9-132.1 9s-102.7 2.6-132.1-9c-19.6-7.8-34.7-22.9-42.6-42.6-11.7-29.5-9-99.5-9-132.1s-2.6-102.7 9-132.1c7.8-19.6 22.9-34.7 42.6-42.6 29.5-11.7 99.5-9 132.1-9s102.7-2.6 132.1 9c19.6 7.8 34.7 22.9 42.6 42.6 11.7 29.5 9 99.5 9 132.1s2.7 102.7-9 132.1z\"><\/path><\/svg><\/a>\n\t\t\t\t\t\t\t\t\t<\/span>\n\t\t\t\t\t\t\t<\/div>\n\t\t\t\n\n\n<div class=\"wp-block-uagb-advanced-heading uagb-block-1bcd9f21\"><h2 class=\"uagb-heading-text\">@dprze<\/h2><\/div>\n<\/div>\n\n\n\n<div class=\"wp-block-uagb-container powieksz uagb-block-07657c8f\">      \n\t\t\t<div class=\"uagb-icon-wrapper uagb-block-d5906ef9      \"\n\t\t\tstyle=\"\" >\n\t\t\t\t\t\t\t\t\t<span class=\"uagb-svg-wrapper\" \n\t\t\t\t\t aria-label=\"envelope\"\t\t\t\t\ttabindex=\"0\">\t\t\n\t\t\t\t\t\t\t\t\t\t<a rel=\"noopener noreferrer\" href=\"mailto:kontakt@blok.pl\" target=\"_self\"><svg xmlns=\"https:\/\/www.w3.org\/2000\/svg\" viewBox= \"0 0 512 512\" role=\"graphics-symbol\" aria-hidden=\"false\" aria-label=\"\"><path d=\"M464 64C490.5 64 512 85.49 512 112C512 127.1 504.9 141.3 492.8 150.4L275.2 313.6C263.8 322.1 248.2 322.1 236.8 313.6L19.2 150.4C7.113 141.3 0 127.1 0 112C0 85.49 21.49 64 48 64H464zM217.6 339.2C240.4 356.3 271.6 356.3 294.4 339.2L512 176V384C512 419.3 483.3 448 448 448H64C28.65 448 0 419.3 0 384V176L217.6 339.2z\"><\/path><\/svg><\/a>\n\t\t\t\t\t\t\t\t\t<\/span>\n\t\t\t\t\t\t\t<\/div>\n\t\t\t\n\n\n<div class=\"wp-block-uagb-advanced-heading uagb-block-36ee328d\"><h2 class=\"uagb-heading-text\"><a href=\"mailto:kontakt@blok.pl\">kontakt@blok.pl<\/a><\/h2><\/div>\n<\/div>\n\n\n\n<div class=\"wp-block-uagb-container powieksz uagb-block-91078362\">      \n\t\t\t<div class=\"uagb-icon-wrapper uagb-block-26382f45      \"\n\t\t\tstyle=\"\" >\n\t\t\t\t\t\t\t\t\t<span class=\"uagb-svg-wrapper\" \n\t\t\t\t\t aria-label=\"phone\"\t\t\t\t\ttabindex=\"0\">\t\t\n\t\t\t\t\t\t\t\t\t\t<a rel=\"noopener noreferrer\" href=\"tel:+48601439201\" target=\"_self\"><svg xmlns=\"https:\/\/www.w3.org\/2000\/svg\" viewBox= \"0 0 512 512\" role=\"graphics-symbol\" aria-hidden=\"false\" aria-label=\"\"><path d=\"M511.2 387l-23.25 100.8c-3.266 14.25-15.79 24.22-30.46 24.22C205.2 512 0 306.8 0 54.5c0-14.66 9.969-27.2 24.22-30.45l100.8-23.25C139.7-2.602 154.7 5.018 160.8 18.92l46.52 108.5c5.438 12.78 1.77 27.67-8.98 36.45L144.5 207.1c33.98 69.22 90.26 125.5 159.5 159.5l44.08-53.8c8.688-10.78 23.69-14.51 36.47-8.975l108.5 46.51C506.1 357.2 514.6 372.4 511.2 387z\"><\/path><\/svg><\/a>\n\t\t\t\t\t\t\t\t\t<\/span>\n\t\t\t\t\t\t\t<\/div>\n\t\t\t\n\n\n<div class=\"wp-block-uagb-advanced-heading uagb-block-b2e696e3\"><h2 class=\"uagb-heading-text\"><a href=\"tel:601439201\">601 439 201<\/a><\/h2><\/div>\n<\/div>\n<\/div>\n\n\n\n<div class=\"wp-block-uagb-forms uagb-forms__outer-wrap uagb-block-6b740ac4 uagb-forms__full-btn\"><form class=\"uagb-forms-main-form\" method=\"post\" autocomplete=\"on\" name=\"uagb-form-6b740ac4\">\n<div class=\"wp-block-uagb-forms-name uagb-forms-name-wrap uagb-forms-field-set uagb-block-7be9d366\"><div class=\"uagb-forms-name-label  uagb-forms-input-label\" id=\"7be9d366\">Imi\u0119 i Nazwisko<\/div><input type=\"text\" placeholder=\"Jan Kowalski\" class=\"uagb-forms-name-input uagb-forms-input\" name=\"7be9d366\" autocomplete=\"given-name\"\/><\/div>\n\n\n\n<div class=\"wp-block-uagb-forms-email uagb-forms-email-wrap uagb-forms-field-set uagb-block-958dbb2c\"><div class=\"uagb-forms-email-label  uagb-forms-input-label\" id=\"958dbb2c\">Email<\/div><input type=\"email\" class=\"uagb-forms-email-input uagb-forms-input\" placeholder=\"jan.kowalski@gmail.com\" name=\"958dbb2c\" autocomplete=\"email\"\/><\/div>\n\n\n\n<div class=\"wp-block-uagb-forms-toggle uagb-forms-toggle-wrap uagb-forms-field-set uagb-block-ec7430b1 toggle-wrapper\"><div class=\"uagb-forms-toggle-label  uagb-forms-input-label\" id=\"ec7430b1\">Kontaktuj\u0119 si\u0119 w sprawie szkolenia<\/div><label class=\"uagb-switch\" id=\"uag-form\"><input type=\"hidden\" class=\"uagb-forms-toggle-input\" data-truestate=\"on\" data-falsestate=\"off\" value=\"off\" name=\"ec7430b1\" aria-label=\"Kontaktuj\u0119 si\u0119 w sprawie szkolenia\"\/><input type=\"checkbox\" class=\"uagb-forms-toggle-input\" data-truestate=\"on\" data-falsestate=\"off\" value=\"off\" name=\"ec7430b1\" aria-label=\"Kontaktuj\u0119 si\u0119 w sprawie szkolenia\"\/><span class=\"uagb-slider \"><\/span><\/label><\/div>\n\n\n\n<div class=\"wp-block-uagb-forms-textarea uagb-forms-textarea-wrap uagb-forms-field-set uagb-block-32c4c6c7\"><div class=\"uagb-forms-textarea-label  uagb-forms-input-label\" id=\"32c4c6c7\">Wiadomo\u015b\u0107<\/div><textarea class=\"uagb-forms-textarea-input uagb-forms-input\" rows=\"4\" placeholder=\"Wpisz swoj\u0105 wiadomo\u015b\u0107\" name=\"32c4c6c7\" autocomplete=\"off\"><\/textarea><\/div>\n\n\n\n<div class=\"wp-block-uagb-forms-accept uagb-forms-accept-wrap uagb-forms-field-set uagb-block-bdf5e09d rodo\"><input type=\"checkbox\" name=\"bdf5e09d\" required value=\"Agree\" class=\"uagb-forms-checkbox\" id=\"uagb-forms-accept-bdf5e09d\"\/><label name=\"bdf5e09d\" for=\"uagb-forms-accept-bdf5e09d\" class=\"uagb-forms-accept-label required\" id=\"bdf5e09d\">Zgadzam si\u0119 na przetwarzanie moich danych przez t\u0119 stron\u0119 w celu kontaktu<\/label><br\/><\/div>\n<div class=\"uagb-forms-form-hidden-data\"><input type=\"hidden\" id=\"g-recaptcha-response\" class=\"uagb-forms-recaptcha\"\/><input type=\"hidden\" class=\"uagb_forms_form_label\" value=\"Formularz kontaktowy\"\/><input type=\"hidden\" class=\"uagb_forms_form_id\" value=\"uagb-form-6b740ac4\"\/><\/div><div class=\"uagb-form-reacaptcha-error-6b740ac4\"><\/div><div class=\"uagb-forms-main-submit-button-wrap wp-block-button\"><button class=\"uagb-forms-main-submit-button wp-block-button__link\"><div class=\"uagb-forms-main-submit-button-text\">Prze\u015blij<\/div><\/button><\/div><\/form><div class=\"uagb-forms-success-message-6b740ac4 uagb-forms-submit-message-hide\"><span>Pomy\u015blnie wys\u0142ano wiadomo\u015b\u0107 <\/span><\/div><div class=\"uagb-forms-failed-message-6b740ac4 uagb-forms-submit-message-hide\"><span>There has been some error while submitting the form. Please verify all form fields again.<\/span><\/div><\/div>\n<\/div><\/div>\n","protected":false},"excerpt":{"rendered":"<p>skontaktuj si\u0119 | Blok Photo @dprze kontakt@blok.pl 601 439 201<\/p>\n","protected":false},"author":1,"featured_media":0,"parent":0,"menu_order":0,"comment_status":"closed","ping_status":"closed","template":"","meta":{"_uag_custom_page_level_css":"","site-sidebar-layout":"default","site-content-layout":"","ast-site-content-layout":"default","site-content-style":"default","site-sidebar-style":"default","ast-global-header-display":"","ast-banner-title-visibility":"","ast-main-header-display":"","ast-hfb-above-header-display":"","ast-hfb-below-header-display":"","ast-hfb-mobile-header-display":"","site-post-title":"disabled","ast-breadcrumbs-content":"","ast-featured-img":"","footer-sml-layout":"","theme-transparent-header-meta":"","adv-header-id-meta":"","stick-header-meta":"","header-above-stick-meta":"","header-main-stick-meta":"","header-below-stick-meta":"","astra-migrate-meta-layouts":"default","ast-page-background-enabled":"default","ast-page-background-meta":{"desktop":{"background-color":"var(--ast-global-color-5)","background-image":"","background-repeat":"repeat","background-position":"center center","background-size":"auto","background-attachment":"scroll","background-type":"","background-media":"","overlay-type":"","overlay-color":"","overlay-opacity":"","overlay-gradient":""},"tablet":{"background-color":"","background-image":"","background-repeat":"repeat","background-position":"center center","background-size":"auto","background-attachment":"scroll","background-type":"","background-media":"","overlay-type":"","overlay-color":"","overlay-opacity":"","overlay-gradient":""},"mobile":{"background-color":"","background-image":"","background-repeat":"repeat","background-position":"center center","background-size":"auto","background-attachment":"scroll","background-type":"","background-media":"","overlay-type":"","overlay-color":"","overlay-opacity":"","overlay-gradient":""}},"ast-content-background-meta":{"desktop":{"background-color":"var(--ast-global-color-4)","background-image":"","background-repeat":"repeat","background-position":"center center","background-size":"auto","background-attachment":"scroll","background-type":"","background-media":"","overlay-type":"","overlay-color":"","overlay-opacity":"","overlay-gradient":""},"tablet":{"background-color":"var(--ast-global-color-4)","background-image":"","background-repeat":"repeat","background-position":"center center","background-size":"auto","background-attachment":"scroll","background-type":"","background-media":"","overlay-type":"","overlay-color":"","overlay-opacity":"","overlay-gradient":""},"mobile":{"background-color":"var(--ast-global-color-4)","background-image":"","background-repeat":"repeat","background-position":"center center","background-size":"auto","background-attachment":"scroll","background-type":"","background-media":"","overlay-type":"","overlay-color":"","overlay-opacity":"","overlay-gradient":""}},"_vp_format_video_url":"","_vp_image_focal_point":[],"footnotes":""},"class_list":["post-1351","page","type-page","status-publish","hentry"],"uagb_featured_image_src":{"full":false,"thumbnail":false,"medium":false,"medium_large":false,"large":false,"1536x1536":false,"2048x2048":false,"vp_sm":false,"vp_md":false,"vp_lg":false,"vp_xl":false,"vp_sm_popup":false,"vp_md_popup":false,"vp_xl_popup":false},"uagb_author_info":{"display_name":"blazejcieslar","author_link":"https:\/\/ldemo.pl\/blok\/author\/blazejcieslar\/"},"uagb_comment_info":0,"uagb_excerpt":"skontaktuj si\u0119 | Blok Photo @dprze kontakt@blok.pl 601 439 201","_links":{"self":[{"href":"https:\/\/ldemo.pl\/blok\/wp-json\/wp\/v2\/pages\/1351","targetHints":{"allow":["GET"]}}],"collection":[{"href":"https:\/\/ldemo.pl\/blok\/wp-json\/wp\/v2\/pages"}],"about":[{"href":"https:\/\/ldemo.pl\/blok\/wp-json\/wp\/v2\/types\/page"}],"author":[{"embeddable":true,"href":"https:\/\/ldemo.pl\/blok\/wp-json\/wp\/v2\/users\/1"}],"replies":[{"embeddable":true,"href":"https:\/\/ldemo.pl\/blok\/wp-json\/wp\/v2\/comments?post=1351"}],"version-history":[{"count":1,"href":"https:\/\/ldemo.pl\/blok\/wp-json\/wp\/v2\/pages\/1351\/revisions"}],"predecessor-version":[{"id":1352,"href":"https:\/\/ldemo.pl\/blok\/wp-json\/wp\/v2\/pages\/1351\/revisions\/1352"}],"wp:attachment":[{"href":"https:\/\/ldemo.pl\/blok\/wp-json\/wp\/v2\/media?parent=1351"}],"curies":[{"name":"wp","href":"https:\/\/api.w.org\/{rel}","templated":true}]}}